{"id":431,"date":"2022-08-20T12:37:42","date_gmt":"2022-08-20T10:37:42","guid":{"rendered":"https:\/\/dev.knoblauchliebe.de\/chatkontrolle-stoppen\/?page_id=431"},"modified":"2025-10-08T13:53:12","modified_gmt":"2025-10-08T11:53:12","slug":"impressum","status":"publish","type":"page","link":"https:\/\/chat-kontrolle.eu\/index.php\/impressum\/","title":{"rendered":"Impressum"},"content":{"rendered":"\n<div style=\"height:100px\" aria-hidden=\"true\" class=\"wp-block-spacer\"><\/div>\n\n\n\n<h1 class=\"wp-block-heading\">Impressum &amp; Kontakt<\/h1>\n\n\n\n<div style=\"height:100px\" aria-hidden=\"true\" class=\"wp-block-spacer\"><\/div>\n\n\n\n<p class=\"has-palette-color-4-color has-text-color\">Die Kampagne &#8222;Chatkontrolle STOPPEN!&#8220; ist eine Kooperation der <a href=\"https:\/\/digitalegesellschaft.de\/\" data-type=\"URL\" data-id=\"https:\/\/digitalegesellschaft.de\/\" target=\"_blank\" rel=\"noreferrer noopener\">Digitalen Gesellschaft<\/a>, des <a href=\"https:\/\/www.ccc.de\/\" target=\"_blank\" rel=\"noreferrer noopener\">Chaos Computer Clubs<\/a> und <a href=\"https:\/\/d-64.org\/\">D64 e.V. \u2013 Zentrum f\u00fcr Digitalen Fortschritt<\/a>.<\/p>\n\n\n\n<p class=\"has-palette-color-4-color has-text-color\">(Presse-) Anfragen zur Kampagen gerne an: <\/p>\n\n\n\n<p class=\"has-palette-color-4-color has-text-color\"><strong>kontakt (at) chatkontrolle.eu<\/strong><\/p>\n\n\n\n<p class=\"has-palette-color-4-color has-text-color\">Wenn Ihr bei zuk\u00fcnftigen Demos und Aktionen (auch bundesweit) helfen m\u00f6chtet: <\/p>\n\n\n\n<p class=\"has-palette-color-4-color has-text-color\"><strong>demo (at) chatkontrolle.eu<\/strong><br><\/p>\n\n\n\n<p>Design, Konzeption und Umsetzung: <a href=\"https:\/\/kunstundcomputer.de\/\" target=\"_blank\" rel=\"noreferrer noopener\">kunstundcomputer<\/a><\/p>\n\n\n\n<div class=\"wp-block-cover impressum-box\"><span aria-hidden=\"true\" class=\"wp-block-cover__background has-palette-color-5-background-color has-background-dim-100 has-background-dim\"><\/span><div class=\"wp-block-cover__inner-container is-layout-flow wp-block-cover-is-layout-flow\">\n<div style=\"height:30px\" aria-hidden=\"true\" class=\"wp-block-spacer\"><\/div>\n\n\n\n<h3 class=\"wp-block-heading has-palette-color-4-color has-text-color\">Vertretungsberechtigter Vorstand<\/h3>\n\n\n\n<p class=\"has-palette-color-4-color has-text-color has-link-color wp-elements-6c0abb00df2658dab81a6928b710d235\">Louisa Zech<br>Lars Bretthauer<br>Konstantin Macher<\/p>\n\n\n\n<p class=\"has-palette-color-4-color has-text-color\">Digitale Gesellschaft e. V. ist mit dem Aktenzeichen VR 30591 B beim Amtsgericht Berlin-Charlottenburg eingetragen und vom Finanzamt als gemeinn\u00fctzig anerkannt.<\/p>\n\n\n\n<p><a href=\"http:\/\/digitalegesellschaft.de\/uber-uns\/satzung\/\">Satzung des Vereins<\/a><\/p>\n\n\n\n<h3 class=\"wp-block-heading has-palette-color-4-color has-text-color\">Verantwortlich f\u00fcr den Inhalt<\/h3>\n\n\n\n<p class=\"has-palette-color-4-color has-text-color\">(nach \u00a7 55 Abs. 2 RStV)<br>Tom Jennissen und Sebastian Marg<br>Digitale Gesellschaft<br>Gro\u00dfbeerenstra\u00dfe 89<br>10963 Berlin<br>Tel.: 030\/450 840 18<\/p>\n\n\n\n<div style=\"height:50px\" aria-hidden=\"true\" class=\"wp-block-spacer\"><\/div>\n<\/div><\/div>\n\n\n\n<div style=\"height:100px\" aria-hidden=\"true\" class=\"wp-block-spacer\"><\/div>\n\n\n\n<p>Die Kampagne &#8222;Chatkontrolle STOPPEN!&#8220; wird gef\u00f6rdert durch die Bewegungsstiftung<\/p>\n\n\n\n<div class=\"wp-block-group is-layout-flow wp-block-group-is-layout-flow\">\n<figure class=\"wp-block-image size-full\"><a href=\"http:\/\/bewegungsstiftung.de\" target=\"_blank\" rel=\"noreferrer noopener\"><img loading=\"lazy\" decoding=\"async\" width=\"827\" height=\"311\" src=\"https:\/\/chat-kontrolle.eu\/dev\/wp-content\/uploads\/2022\/09\/BS-RGBZeile.jpg\" alt=\"\" class=\"wp-image-1901\" srcset=\"https:\/\/chat-kontrolle.eu\/wp-content\/uploads\/2022\/09\/BS-RGBZeile.jpg 827w, https:\/\/chat-kontrolle.eu\/wp-content\/uploads\/2022\/09\/BS-RGBZeile-300x113.jpg 300w, https:\/\/chat-kontrolle.eu\/wp-content\/uploads\/2022\/09\/BS-RGBZeile-768x289.jpg 768w\" sizes=\"auto, (max-width: 827px) 100vw, 827px\" \/><\/a><\/figure>\n<\/div>\n\n\n<style>.wp-block-kadence-spacer.kt-block-spacer-431_7b5cff-c6 .kt-block-spacer{height:60px;}.wp-block-kadence-spacer.kt-block-spacer-431_7b5cff-c6 .kt-divider{border-top-width:1px;height:1px;border-top-color:#eee;width:80%;border-top-style:solid;}<\/style>\n<div class=\"wp-block-kadence-spacer aligncenter kt-block-spacer-431_7b5cff-c6\"><div class=\"kt-block-spacer kt-block-spacer-halign-center\"><hr class=\"kt-divider\"\/><\/div><\/div>\n\n\n\n<div class=\"wp-block-cover alignfull\"><span aria-hidden=\"true\" class=\"wp-block-cover__background has-palette-color-2-background-color has-background-dim-100 has-background-dim\"><\/span><div class=\"wp-block-cover__inner-container is-layout-flow wp-block-cover-is-layout-flow\">\n<h3 class=\"wp-block-heading has-palette-color-4-color has-text-color\">Kontoverbindung<\/h3>\n\n\n\n<p class=\"has-palette-color-4-color has-text-color\">Digitale Gesellschaft e. V.<br>IBAN: DE 88 4306 0967 1125 0128 00<\/p>\n\n\n\n<p class=\"has-palette-color-4-color has-text-color\">GLS-Bank,<br>Konto-Nr: 1125012800<br>BLZ: 430 609 67<br>BIC: GENODEM1GLS<\/p>\n<\/div><\/div>\n","protected":false},"excerpt":{"rendered":"<p>Impressum &amp; Kontakt Die Kampagne &#8222;Chatkontrolle STOPPEN!&#8220; ist eine Kooperation der Digitalen Gesellschaft, des Chaos Computer Clubs und D64 e.V. \u2013 Zentrum f\u00fcr Digitalen Fortschritt. (Presse-) Anfragen zur Kampagen gerne an: kontakt (at) chatkontrolle.eu Wenn Ihr bei zuk\u00fcnftigen Demos und Aktionen (auch bundesweit) helfen m\u00f6chtet: demo (at) chatkontrolle.eu Design, Konzeption und Umsetzung: kunstundcomputer Die Kampagne [&hellip;]<\/p>\n","protected":false},"author":1,"featured_media":0,"parent":0,"menu_order":0,"comment_status":"closed","ping_status":"closed","template":"","meta":{"footnotes":""},"class_list":["post-431","page","type-page","status-publish","hentry"],"blocksy_meta":{"styles_descriptor":{"styles":{"desktop":"","tablet":"","mobile":""},"google_fonts":[],"version":6}},"_links":{"self":[{"href":"https:\/\/chat-kontrolle.eu\/index.php\/wp-json\/wp\/v2\/pages\/431","targetHints":{"allow":["GET"]}}],"collection":[{"href":"https:\/\/chat-kontrolle.eu\/index.php\/wp-json\/wp\/v2\/pages"}],"about":[{"href":"https:\/\/chat-kontrolle.eu\/index.php\/wp-json\/wp\/v2\/types\/page"}],"author":[{"embeddable":true,"href":"https:\/\/chat-kontrolle.eu\/index.php\/wp-json\/wp\/v2\/users\/1"}],"replies":[{"embeddable":true,"href":"https:\/\/chat-kontrolle.eu\/index.php\/wp-json\/wp\/v2\/comments?post=431"}],"version-history":[{"count":3,"href":"https:\/\/chat-kontrolle.eu\/index.php\/wp-json\/wp\/v2\/pages\/431\/revisions"}],"predecessor-version":[{"id":3441,"href":"https:\/\/chat-kontrolle.eu\/index.php\/wp-json\/wp\/v2\/pages\/431\/revisions\/3441"}],"wp:attachment":[{"href":"https:\/\/chat-kontrolle.eu\/index.php\/wp-json\/wp\/v2\/media?parent=431"}],"curies":[{"name":"wp","href":"https:\/\/api.w.org\/{rel}","templated":true}]}}