{"id":421,"date":"2022-08-20T12:35:29","date_gmt":"2022-08-20T10:35:29","guid":{"rendered":"https:\/\/dev.knoblauchliebe.de\/chatkontrolle-stoppen\/?page_id=421"},"modified":"2025-06-11T16:29:00","modified_gmt":"2025-06-11T14:29:00","slug":"unsere-forderungen","status":"publish","type":"page","link":"https:\/\/chat-kontrolle.eu\/index.php\/unsere-forderungen\/","title":{"rendered":"Unsere Forderungen"},"content":{"rendered":"\n<div class=\"wp-block-cover alignfull\"><span aria-hidden=\"true\" class=\"wp-block-cover__background has-palette-color-3-background-color has-background-dim-100 has-background-dim\"><\/span><div class=\"wp-block-cover__inner-container is-layout-flow wp-block-cover-is-layout-flow\">\n<div class=\"wp-block-columns is-layout-flex wp-container-core-columns-is-layout-28f84493 wp-block-columns-is-layout-flex\">\n<div class=\"wp-block-column is-layout-flow wp-block-column-is-layout-flow\" style=\"flex-basis:25%\"><\/div>\n\n\n\n<div class=\"wp-block-column is-layout-flow wp-block-column-is-layout-flow\" style=\"flex-basis:50%\">\n<h1 class=\"wp-block-heading has-text-align-center\">Unsere Forderungen<\/h1>\n\n\n\n<h2 class=\"wp-block-heading has-text-align-center\">Wir fordern<\/h2>\n\n\n\n<p>eine umgehende R\u00fccknahme des Verordnungsentwurfs zur Chatkontrolle durch die EU-Kommission bzw. eine Zur\u00fcckweisung durch den Europ\u00e4ischen Rat und das Europaparlament.<\/p>\n\n\n\n<p>Auch die Bundesregierung muss sich endlich klar und eindeutig gegen die Pl\u00e4ne positionieren und im Europ\u00e4ischen Rat aktiv gegen den Entwurf eintreten.<\/p>\n\n\n\n<p>Das Recht auf vertrauliche und sichere Kommunikation muss gew\u00e4hrleistet sein. Die im Netz ver\u00f6ffentlichten Inhalte d\u00fcrfen keiner automatisierten Kontrolle unterliegen und die anonyme Nutzung des Internets darf nicht untergraben werden.<\/p>\n\n\n\n<p>Dar\u00fcber hinaus fordern wir eine ausreichende Ausstattung der mit Kinderschutz betrauten Stellen und eine koordinierte Strategie zur Aufkl\u00e4rung von Kindern und Jugendlichen \u00fcber den sicheren und bewussten Umgang mit Kommunikationstechnologien.<\/p>\n\n\n\n<p>Statt eine dystopische \u00dcberwachungsinfrastruktur zu etablieren, m\u00fcssen polizeiliche Ermittlungen im Internet rechtsstaatlichen Grunds\u00e4tzen entsprechen. Dies ist nur garantiert, wenn die folgenden 10 Prinzipien erf\u00fcllt werden, die wir gemeinsam mit anderen europ\u00e4ischen Grundrechtsorganisationen bereits im Februar 2022 erarbeitet haben:<\/p>\n\n\n\n<h2 class=\"wp-block-heading has-text-align-center has-palette-color-8-color has-text-color\">10 Prinzipien<\/h2>\n\n\n\n<h1 class=\"wp-block-heading\">1. Keine Massen\u00fcberwachung<\/h1>\n\n\n\n<div style=\"height:20px\" aria-hidden=\"true\" class=\"wp-block-spacer\"><\/div>\n\n\n\n<h1 class=\"wp-block-heading\">2. Eingriffe m\u00fcssen gezielt und auf Grundlage eines individuellen Verdachts stattfinden<\/h1>\n\n\n\n<div style=\"height:20px\" aria-hidden=\"true\" class=\"wp-block-spacer\"><\/div>\n\n\n\n<h1 class=\"wp-block-heading\">3. Eingriffe m\u00fcssen rechtm\u00e4\u00dfig und auf gesetzlicher Grundlage erfolgen<\/h1>\n\n\n\n<div style=\"height:20px\" aria-hidden=\"true\" class=\"wp-block-spacer\"><\/div>\n\n\n\n<h1 class=\"wp-block-heading\">4. Eingriffe m\u00fcssen individuell angeordnet sein<\/h1>\n\n\n\n<div style=\"height:20px\" aria-hidden=\"true\" class=\"wp-block-spacer\"><\/div>\n\n\n\n<h1 class=\"wp-block-heading\">5. Ma\u00dfnahmen d\u00fcrfen nur so wenig wie n\u00f6tig in die Privatsph\u00e4re eingreifen und m\u00fcssen sich auf die Erkennung von CSAM beschr\u00e4nken<\/h1>\n\n\n\n<div style=\"height:20px\" aria-hidden=\"true\" class=\"wp-block-spacer\"><\/div>\n\n\n\n<h1 class=\"wp-block-heading\">6. Unabh\u00e4ngige Aufsicht und \u00dcberpr\u00fcfung der Technologie und ihres Einsatzes<\/h1>\n\n\n\n<div style=\"height:20px\" aria-hidden=\"true\" class=\"wp-block-spacer\"><\/div>\n\n\n\n<h1 class=\"wp-block-heading\">7. Kontrolle durch unabh\u00e4ngige Sicherheitsforschung und Zivilgesellschaft muss gew\u00e4hrleistet sein<\/h1>\n\n\n\n<div style=\"height:20px\" aria-hidden=\"true\" class=\"wp-block-spacer\"><\/div>\n\n\n\n<h1 class=\"wp-block-heading\">8. Ma\u00dfnahmen m\u00fcssen Verschl\u00fcsselung wahren<\/h1>\n\n\n\n<div style=\"height:20px\" aria-hidden=\"true\" class=\"wp-block-spacer\"><\/div>\n\n\n\n<h1 class=\"wp-block-heading\">10. Alle Interessengruppen m\u00fcssen einbezogen werden<\/h1>\n\n\n\n<div style=\"height:20px\" aria-hidden=\"true\" class=\"wp-block-spacer\"><\/div>\n\n\n\n<h1 class=\"wp-block-heading\">9. In die Bew\u00e4ltigung komplexer sozialer Probleme investieren<\/h1>\n\n\n\n<div style=\"height:100px\" aria-hidden=\"true\" class=\"wp-block-spacer\"><\/div>\n\n\n\n<h2 class=\"wp-block-heading has-text-align-center forderungen-title has-palette-color-8-color has-text-color\">Werde aktiv!<\/h2>\n<\/div>\n\n\n\n<div class=\"wp-block-column is-layout-flow wp-block-column-is-layout-flow\" style=\"flex-basis:25%\"><\/div>\n<\/div>\n\n\n\n<div class=\"wp-block-columns is-layout-flex wp-container-core-columns-is-layout-28f84493 wp-block-columns-is-layout-flex\">\n<div class=\"wp-block-column prinzipien is-layout-flow wp-block-column-is-layout-flow\" style=\"flex-basis:100%\">\n<div style=\"height:20px\" aria-hidden=\"true\" class=\"wp-block-spacer\"><\/div>\n<\/div>\n<\/div>\n\n\n\n<div style=\"height:50px\" aria-hidden=\"true\" class=\"wp-block-spacer\"><\/div>\n\n\n\n<div class=\"wp-block-columns is-layout-flex wp-container-core-columns-is-layout-28f84493 wp-block-columns-is-layout-flex\">\n<div class=\"wp-block-column is-layout-flow wp-block-column-is-layout-flow\">\n<figure class=\"wp-block-image size-full\"><img loading=\"lazy\" decoding=\"async\" width=\"930\" height=\"620\" src=\"https:\/\/chat-kontrolle.eu\/wp-content\/uploads\/2022\/08\/Anti-Chatkontrolle-Kundgebung-20220608-274-33-930x620-1.jpg\" alt=\"\" class=\"wp-image-250\" srcset=\"https:\/\/chat-kontrolle.eu\/wp-content\/uploads\/2022\/08\/Anti-Chatkontrolle-Kundgebung-20220608-274-33-930x620-1.jpg 930w, https:\/\/chat-kontrolle.eu\/wp-content\/uploads\/2022\/08\/Anti-Chatkontrolle-Kundgebung-20220608-274-33-930x620-1-300x200.jpg 300w, https:\/\/chat-kontrolle.eu\/wp-content\/uploads\/2022\/08\/Anti-Chatkontrolle-Kundgebung-20220608-274-33-930x620-1-768x512.jpg 768w\" sizes=\"auto, (max-width: 930px) 100vw, 930px\" \/><\/figure>\n\n\n\n<div class=\"wp-block-buttons is-content-justification-center is-layout-flex wp-container-core-buttons-is-layout-a89b3969 wp-block-buttons-is-layout-flex\">\n<div class=\"wp-block-button custom-button-style-fill\"><a class=\"wp-block-button__link has-palette-color-4-color has-palette-color-2-background-color has-text-color has-background wp-element-button\" href=\"https:\/\/chat-kontrolle.eu\/index.php\/demos-protestaktionen\/#demos\">Demos und Aktionen<\/a><\/div>\n<\/div>\n<\/div>\n\n\n\n<div class=\"wp-block-column is-layout-flow wp-block-column-is-layout-flow\">\n<figure class=\"wp-block-image size-full\"><img loading=\"lazy\" decoding=\"async\" width=\"640\" height=\"426\" src=\"https:\/\/chat-kontrolle.eu\/wp-content\/uploads\/2022\/10\/calendar-g6c0c153b7_640.jpg\" alt=\"\" class=\"wp-image-2521\" srcset=\"https:\/\/chat-kontrolle.eu\/wp-content\/uploads\/2022\/10\/calendar-g6c0c153b7_640.jpg 640w, https:\/\/chat-kontrolle.eu\/wp-content\/uploads\/2022\/10\/calendar-g6c0c153b7_640-300x200.jpg 300w, https:\/\/chat-kontrolle.eu\/wp-content\/uploads\/2022\/10\/calendar-g6c0c153b7_640-391x260.jpg 391w\" sizes=\"auto, (max-width: 640px) 100vw, 640px\" \/><\/figure>\n\n\n\n<div class=\"wp-block-buttons is-content-justification-center is-layout-flex wp-container-core-buttons-is-layout-a89b3969 wp-block-buttons-is-layout-flex\">\n<div class=\"wp-block-button custom-button-style-fill\"><a class=\"wp-block-button__link has-palette-color-4-color has-palette-color-2-background-color has-text-color has-background wp-element-button\" href=\"https:\/\/chat-kontrolle.eu\/index.php\/demos-protestaktionen\/\">Veranstaltungen<\/a><\/div>\n<\/div>\n<\/div>\n\n\n\n<div class=\"wp-block-column is-layout-flow wp-block-column-is-layout-flow\">\n<figure class=\"wp-block-image size-full\"><img loading=\"lazy\" decoding=\"async\" width=\"640\" height=\"427\" src=\"https:\/\/chat-kontrolle.eu\/wp-content\/uploads\/2022\/10\/business-3354188_640.jpg\" alt=\"\" class=\"wp-image-2523\" srcset=\"https:\/\/chat-kontrolle.eu\/wp-content\/uploads\/2022\/10\/business-3354188_640.jpg 640w, https:\/\/chat-kontrolle.eu\/wp-content\/uploads\/2022\/10\/business-3354188_640-300x200.jpg 300w, https:\/\/chat-kontrolle.eu\/wp-content\/uploads\/2022\/10\/business-3354188_640-391x260.jpg 391w\" sizes=\"auto, (max-width: 640px) 100vw, 640px\" \/><\/figure>\n\n\n\n<div class=\"wp-block-buttons is-content-justification-center is-layout-flex wp-container-core-buttons-is-layout-a89b3969 wp-block-buttons-is-layout-flex\">\n<div class=\"wp-block-button custom-button-style-fill\"><a class=\"wp-block-button__link has-palette-color-4-color has-palette-color-2-background-color has-text-color has-background wp-element-button\" href=\"https:\/\/chat-kontrolle.eu\/index.php\/pressematerial\">Materialien<\/a><\/div>\n<\/div>\n<\/div>\n<\/div>\n\n\n\n<div style=\"height:100px\" aria-hidden=\"true\" class=\"wp-block-spacer\"><\/div>\n<\/div><\/div>\n","protected":false},"excerpt":{"rendered":"","protected":false},"author":1,"featured_media":0,"parent":0,"menu_order":0,"comment_status":"closed","ping_status":"closed","template":"","meta":{"footnotes":""},"class_list":["post-421","page","type-page","status-publish","hentry"],"blocksy_meta":{"styles_descriptor":{"styles":{"desktop":"","tablet":"","mobile":""},"google_fonts":[],"version":6}},"_links":{"self":[{"href":"https:\/\/chat-kontrolle.eu\/index.php\/wp-json\/wp\/v2\/pages\/421","targetHints":{"allow":["GET"]}}],"collection":[{"href":"https:\/\/chat-kontrolle.eu\/index.php\/wp-json\/wp\/v2\/pages"}],"about":[{"href":"https:\/\/chat-kontrolle.eu\/index.php\/wp-json\/wp\/v2\/types\/page"}],"author":[{"embeddable":true,"href":"https:\/\/chat-kontrolle.eu\/index.php\/wp-json\/wp\/v2\/users\/1"}],"replies":[{"embeddable":true,"href":"https:\/\/chat-kontrolle.eu\/index.php\/wp-json\/wp\/v2\/comments?post=421"}],"version-history":[{"count":8,"href":"https:\/\/chat-kontrolle.eu\/index.php\/wp-json\/wp\/v2\/pages\/421\/revisions"}],"predecessor-version":[{"id":3357,"href":"https:\/\/chat-kontrolle.eu\/index.php\/wp-json\/wp\/v2\/pages\/421\/revisions\/3357"}],"wp:attachment":[{"href":"https:\/\/chat-kontrolle.eu\/index.php\/wp-json\/wp\/v2\/media?parent=421"}],"curies":[{"name":"wp","href":"https:\/\/api.w.org\/{rel}","templated":true}]}}