{"id":2197,"date":"2022-09-26T14:49:56","date_gmt":"2022-09-26T12:49:56","guid":{"rendered":"https:\/\/chat-kontrolle.eu\/dev\/?page_id=2197"},"modified":"2026-04-16T09:28:41","modified_gmt":"2026-04-16T07:28:41","slug":"datenschutz","status":"publish","type":"page","link":"https:\/\/chat-kontrolle.eu\/index.php\/datenschutz\/","title":{"rendered":"Datenschutz"},"content":{"rendered":"\n<div style=\"height:100px\" aria-hidden=\"true\" class=\"wp-block-spacer\"><\/div>\n\n\n\n<h1 class=\"wp-block-heading\">Datenschutz<\/h1>\n\n\n<style>.kb-table-of-content-nav.kb-table-of-content-id2197_76848f-cc .kb-table-of-content-wrap{padding-top:var(--global-kb-spacing-sm, 1.5rem);padding-right:var(--global-kb-spacing-sm, 1.5rem);padding-bottom:var(--global-kb-spacing-sm, 1.5rem);padding-left:var(--global-kb-spacing-sm, 1.5rem);}.kb-table-of-content-nav.kb-table-of-content-id2197_76848f-cc .kb-table-of-contents-title-wrap{padding-top:0px;padding-right:0px;padding-bottom:0px;padding-left:0px;}.kb-table-of-content-nav.kb-table-of-content-id2197_76848f-cc .kb-table-of-contents-title{font-weight:regular;font-style:normal;}.kb-table-of-content-nav.kb-table-of-content-id2197_76848f-cc .kb-table-of-content-wrap .kb-table-of-content-list{font-weight:regular;font-style:normal;margin-top:var(--global-kb-spacing-sm, 1.5rem);margin-right:0px;margin-bottom:0px;margin-left:0px;}<\/style>\n\n\n<p><strong>Liebe Besucherinnen und Besucher von Chatkontrolle.eu,<\/strong><\/p>\n\n\n\n<p>wir m\u00f6chten euch mit dieser Erkl\u00e4rung so genau und verst\u00e4ndlich wie m\u00f6glich dar\u00fcber informieren, welche personenbezogenen Daten wir auf dieser Webseite zu welchen Zwecken, f\u00fcr welche Dauer und durch welche Anbieter erheben, speichern oder anderweitig verarbeiten. Daher sind wir auch fortw\u00e4hrend bem\u00fcht, diese Erkl\u00e4rung weiter zu verbessern und auf unserer Seite m\u00f6glichst datenschutzfreundliche Technologien einzusetzen. Wir freuen uns daher \u00fcber Hinweise, Kommentare und Vorschl\u00e4ge zur Verbesserung unserer Datenschutzerkl\u00e4rung und Datenschutzstandards, welche uns jederzeit \u00fcber die E-Mail-Adresse info(\u00e4t)digitalegesellschaft.de zugesandt werden k\u00f6nnen. Der dazugeh\u00f6rige PGP-Key f\u00fcr eine verschl\u00fcsselte \u00dcbersendung von Mails ist <a href=\"https:\/\/keys.openpgp.org\/vks\/v1\/by-fingerprint\/FEA77BABA84EBA3F2CADA572304FAD5775CA62A1\">hier<\/a> zu finden.<\/p>\n\n\n\n<h2 class=\"wp-block-heading\">Datenschutzerkl\u00e4rung<\/h2>\n\n\n\n<div class=\"wp-block-cover\" style=\"padding-top:0;padding-right:0;padding-bottom:0;padding-left:0\"><span aria-hidden=\"true\" class=\"wp-block-cover__background has-palette-color-2-background-color has-background-dim-0 has-background-dim\"><\/span><div class=\"wp-block-cover__inner-container is-layout-flow wp-block-cover-is-layout-flow\">\n<h3 class=\"wp-block-heading has-palette-color-4-color has-text-color\">1. Bereitstellung der Webseite\/Hosting<\/h3>\n\n\n\n<p class=\"has-palette-color-4-color has-text-color\">Die Webseite Chatkontrolle.eu wird vom Digitale Gesellschaft e.V. bereitgestellt und von der STRATO AG, Otto-Ostrowski-Stra\u00dfe 7, 10249 Berlin gehostet. Bei jedem Zugriff auf die Webseite speichert die Strato AG <a href=\"https:\/\/strato.de\/blog\/dsgvo-logfiles\/\">folgende Informationen<\/a> in sogenannten Logfiles:<\/p>\n\n\n\n<ul class=\"wp-block-list has-palette-color-4-color has-text-color\">\n<li><strong>Kunden-Domain<\/strong>: Die Strato AG ordnet die beim Webseitenzugriff entstehenden Log-Daten der bei Strato hinterlegten Kundendomain chatkontrolle.eu zu.<\/li>\n\n\n\n<li><strong>IP-Adresse<\/strong>: Die Strato AG speichert IP-Adressen der Besucherinnen und Besucher maximal sieben Tage lang. Danach werden sie anonymisiert. Dem Digitale Gesellschaft e. V. stehen die IP-Adressen von Anfang an nur um den letzten Block gek\u00fcrzt f\u00fcr einen Zeitraum von acht Wochen f\u00fcr statistische Auswertungen zu Zugriffen zur Verf\u00fcgung. Dabei handelt es sich um einen Service der Strato AG.<\/li>\n\n\n\n<li><strong>Datum und Uhrzeit des Webseitenzugriffs<\/strong><\/li>\n\n\n\n<li><strong>URL: <\/strong>Die spezifische Adresse der Seite, die auf Chatkontrolle.eu aufgerufen wird, z. B. \/datenschutzerklaerung<\/li>\n\n\n\n<li><strong>HTTP-Statuscode<\/strong>: F\u00fcr einen erfolgreichen Zugriff lautet dieser z. B. \u201e200\u201c, f\u00fcr einen nicht erfolgreichen Zugriff, etwa wenn eine Domain nicht existiert \u201e404\u201c.<\/li>\n\n\n\n<li><strong>Referrer-URL:&nbsp;<\/strong>Die zuvor besuchte Webseite.<\/li>\n\n\n\n<li><strong>User-Agent<\/strong>: Browser- und Betriebssystem des Ger\u00e4ts, von dem aus der Zugriff erfolgt<\/li>\n<\/ul>\n\n\n\n<p class=\"has-palette-color-4-color has-text-color\">Diese Datenverarbeitung ist n\u00f6tig f\u00fcr die Bereitstellung und die Sicherheit des Webangebots sowie dessen Verbesserung (vgl. Artikel 6 Absatz 1 lit. f) DSGVO zum berechtigten Interesse).<\/p>\n<\/div><\/div>\n\n\n\n<h3 class=\"wp-block-heading\">2. Angabe personenbezogener Daten auf der Webseite und Kontaktaufnahme per E-Mail<\/h3>\n\n\n\n<p>Unsere Webseite bietet an verschiedenen Stellen die M\u00f6glichkeit, mit uns in Kontakt zu treten und dabei personenbezogene Daten anzugeben. Besucherinnen und Besucher der Webseite k\u00f6nnen unseren Newsletter abonnieren, per E-Mail Kontakt mit uns aufnehmen oder sich als Helfer bewerben. Die Angabe personenbezogener Daten in diesen Zusammenh\u00e4ngen erfolgt freiwillig.<\/p>\n\n\n\n<h4 class=\"wp-block-heading\">a. Newsletter-Abonnement<\/h4>\n\n\n\n<p>Mit eurer Einwilligung, k\u00f6nnt ihr unseren Newsletter abonnieren. Hierzu muss lediglich eine E-Mail-Adresse angegeben werden. Bevor wir diese Adresse in unserem Newsletter-Verteiler speichern, versenden wir eine Best\u00e4tigungsmail an die angegebene Adresse. Erst wenn daraufhin eine Best\u00e4tigung bei uns eingeht, speichern wir die betreffende Mail-Adresse zum Zwecke der Versendung des Newsletters. In der Best\u00e4tigungsmail teilen wir au\u00dferdem mit, auf welche Weise der Newsletter jederzeit de-abonniert werden kann. Wird er de-abonniert, wird die betreffende Mail-Adresse automatisch aus dem Newsletter-Verteiler gel\u00f6scht.<\/p>\n\n\n\n<h4 class=\"wp-block-heading\">b. Kontaktaufnahme per E-Mail<\/h4>\n\n\n\n<p>Im Falle einer Kontaktaufnahme per E-Mail werden die verwendete E-Mail-Adresse sowie der Text der Mail an uns \u00fcbermittelt. Wir speichern diese Angaben zum Zweck der Beantwortung der Mails sowie f\u00fcr eine sp\u00e4tere individuelle Kontaktaufnahme, nicht aber f\u00fcr die \u00dcbersendung von Newslettern, Infomaterialien oder Spendenaufrufen.<\/p>\n\n\n\n<div class=\"wp-block-cover\" style=\"padding-top:0;padding-right:0;padding-bottom:0;padding-left:0\"><span aria-hidden=\"true\" class=\"wp-block-cover__background has-palette-color-2-background-color has-background-dim-0 has-background-dim\"><\/span><div class=\"wp-block-cover__inner-container is-layout-flow wp-block-cover-is-layout-flow\">\n<h3 class=\"wp-block-heading has-palette-color-4-color has-text-color\">3. Bereitstellung von Videos<\/h3>\n\n\n\n<p class=\"has-palette-color-4-color has-text-color\">Um Videos im Browser der Besucherinnen und Besucher anzeigen zu k\u00f6nnen, binden wir Videos der US-amerikanischen Videoplattform YouTube ein. Wir verwenden dabei eine technische L\u00f6sung, damit eure IP-Adresse sowie weitere Informationen, die eine Identifizierung und Nachverfolgung erlauben, nicht automatisch beim Betrachten unserer Website an YouTube und damit an ein Drittland (hier: die USA) \u00fcbertragen werden. Diese personenbezogenen Daten werden erst \u00fcbertragen, wenn ihr mit einem Klick auf das Video in die \u00dcbertragung einwilligt. Eure Einwilligung k\u00f6nnt ihr widerrufen, wenn ihr die Cookies in eurem Browser l\u00f6scht.<\/p>\n\n\n\n<p class=\"has-palette-color-4-color has-text-color\">Die Plattform YouTube wird betrieben durch den Anbieter Google Ireland Limited, Gordon House, Barrow Street, Dublin 4, Irland, Mutterunternehmen: Google LLC, 1600 Amphitheatre Parkway, Mountain View, CA 94043, USA; Website: <a href=\"https:\/\/www.youtube.com\" target=\"_blank\" rel=\"noreferrer noopener\">https:\/\/www.youtube.com<\/a>; <\/p>\n\n\n\n<p class=\"has-palette-color-4-color has-text-color\">Datenschutzerkl\u00e4rung: <a href=\"https:\/\/policies.google.com\/privacy\" target=\"_blank\" rel=\"noreferrer noopener\">https:\/\/policies.google.com\/privacy<\/a>; <\/p>\n\n\n\n<p class=\"has-palette-color-4-color has-text-color\">Widerspruchsm\u00f6glichkeit (Opt-Out): Opt-Out-Plugin: <\/p>\n\n\n\n<p><a href=\"https:\/\/tools.google.com\/dlpage\/gaoptout?hl=de\" target=\"_blank\" rel=\"noreferrer noopener\">https:\/\/tools.google.com\/dlpage\/gaoptout?hl=de<\/a>, <\/p>\n\n\n\n<p class=\"has-palette-color-4-color has-text-color\">Einstellungen f\u00fcr die Darstellung von Werbeeinblendungen: <a href=\"https:\/\/adssettings.google.com\/authenticated..\" target=\"_blank\" rel=\"noreferrer noopener\">https:\/\/adssettings.google.com\/authenticated..<\/a><\/p>\n<\/div><\/div>\n\n\n\n<h3 class=\"wp-block-heading\">4. Verantwortliche und Betroffenenrechte<\/h3>\n\n\n\n<p>Verantwortliche Stelle f\u00fcr die Datenverarbeitung im Sinne der DSGVO ist der vertretungsberechtigte Vorstand des Digitale Gesellschaft e.V.:<\/p>\n\n\n\n<p>Louisa Zech, Lars Bretthauer, Konstantin Macher<br>Digitale Gesellschaft e. V.<br>Gro\u00dfbeerenstrasse 8<br>10963 Berlin<br>Tel: +49 (0)30 97894230<br><a href=\"mailto:vorstand@digitalegesellschaft.de\">vorstand@digitalegesellschaft.de<\/a> (<a href=\"https:\/\/keys.openpgp.org\/vks\/v1\/by-fingerprint\/FEA77BABA84EBA3F2CADA572304FAD5775CA62A1\">PGP<\/a>)<\/p>\n\n\n\n<p>Besucherinnen und Besucher unserer Webseite haben das Recht, Auskunft \u00fcber die Verarbeitung ihrer personenbezogenen Daten zu erhalten. Ebenso stehen ihnen Rechte auf Berichtigung, L\u00f6schung und Einschr\u00e4nkung der Verarbeitung zu. Au\u00dferdem haben sie ein Recht auf Widerspruch gegen die Verarbeitung ihrer personenbezogenen Daten, ein Recht auf Daten\u00fcbertragbarkeit sowie \u2013 im Fall von Datenschutzverst\u00f6\u00dfen \u2013 ein Recht auf Beschwerde bei einer Aufsichtsbeh\u00f6rde. Zu all diesen Rechten finden Besucherinnen und Besucher Erl\u00e4uterungen und Musterschreiben in dem vom uns betriebenen Informationsportal <a href=\"https:\/\/deinedatendeinerechte.de\/\">Deine Daten. Deine Rechte.<\/a><\/p>\n\n\n\n<p><strong>Stand der Datenschutzerkl\u00e4rung<\/strong>: April 2026<\/p>\n\n\n\n<div style=\"height:100px\" aria-hidden=\"true\" class=\"wp-block-spacer\"><\/div>\n","protected":false},"excerpt":{"rendered":"<p>Datenschutz Liebe Besucherinnen und Besucher von Chatkontrolle.eu, wir m\u00f6chten euch mit dieser Erkl\u00e4rung so genau und verst\u00e4ndlich wie m\u00f6glich dar\u00fcber informieren, welche personenbezogenen Daten wir auf dieser Webseite zu welchen Zwecken, f\u00fcr welche Dauer und durch welche Anbieter erheben, speichern oder anderweitig verarbeiten. Daher sind wir auch fortw\u00e4hrend bem\u00fcht, diese Erkl\u00e4rung weiter zu verbessern und [&hellip;]<\/p>\n","protected":false},"author":3,"featured_media":0,"parent":0,"menu_order":0,"comment_status":"closed","ping_status":"closed","template":"","meta":{"footnotes":""},"class_list":["post-2197","page","type-page","status-publish","hentry"],"blocksy_meta":{"styles_descriptor":{"styles":{"desktop":"","tablet":"","mobile":""},"google_fonts":[],"version":6}},"_links":{"self":[{"href":"https:\/\/chat-kontrolle.eu\/index.php\/wp-json\/wp\/v2\/pages\/2197","targetHints":{"allow":["GET"]}}],"collection":[{"href":"https:\/\/chat-kontrolle.eu\/index.php\/wp-json\/wp\/v2\/pages"}],"about":[{"href":"https:\/\/chat-kontrolle.eu\/index.php\/wp-json\/wp\/v2\/types\/page"}],"author":[{"embeddable":true,"href":"https:\/\/chat-kontrolle.eu\/index.php\/wp-json\/wp\/v2\/users\/3"}],"replies":[{"embeddable":true,"href":"https:\/\/chat-kontrolle.eu\/index.php\/wp-json\/wp\/v2\/comments?post=2197"}],"version-history":[{"count":4,"href":"https:\/\/chat-kontrolle.eu\/index.php\/wp-json\/wp\/v2\/pages\/2197\/revisions"}],"predecessor-version":[{"id":3475,"href":"https:\/\/chat-kontrolle.eu\/index.php\/wp-json\/wp\/v2\/pages\/2197\/revisions\/3475"}],"wp:attachment":[{"href":"https:\/\/chat-kontrolle.eu\/index.php\/wp-json\/wp\/v2\/media?parent=2197"}],"curies":[{"name":"wp","href":"https:\/\/api.w.org\/{rel}","templated":true}]}}